{"id":305,"date":"2019-09-22T05:51:35","date_gmt":"2019-09-22T02:51:35","guid":{"rendered":"http:\/\/www.drsma.com\/?page_id=305"},"modified":"2026-04-13T15:50:52","modified_gmt":"2026-04-13T12:50:52","slug":"home","status":"publish","type":"page","link":"http:\/\/www.drsma.com\/","title":{"rendered":"Ana Sayfa"},"content":{"rendered":"\n<figure class=\"wp-block-image is-resized is-style-rounded\"><img loading=\"lazy\" src=\"http:\/\/www.drsma.com\/wp-content\/uploads\/IMG_8146.jpg\" alt=\"\" class=\"wp-image-82\" width=\"452\" height=\"589\" srcset=\"http:\/\/www.drsma.com\/wp-content\/uploads\/IMG_8146.jpg 717w, http:\/\/www.drsma.com\/wp-content\/uploads\/IMG_8146-230x300.jpg 230w\" sizes=\"(max-width: 452px) 100vw, 452px\" \/><\/figure>\n\n\n\n<h6><em>&nbsp; Psikiyatri Uzman\u0131; &nbsp;T\u0131p doktoru<\/em>;  Psikoterapist<\/h6>\n\n\n\n<h6><em><strong>&nbsp; ( Ruh Sa\u011fl\u0131\u011f\u0131 &nbsp;ve &nbsp;Hastal\u0131klar\u0131 Uzman\u0131 )<\/strong><\/em><\/h6>\n\n\n\n<h6>&nbsp; &nbsp;Bili\u015fsel Davran\u0131\u015f\u00e7\u0131 Psikoterapist<\/h6>\n\n\n\n<p>Psikiyatrist<strong>&nbsp; Seyfi Memetali<\/strong>; uzmanl\u0131k e\u011fitimini&nbsp;&nbsp;&nbsp;<strong>\u0130stanbul \u00dcniversitesi Cerrahpa\u015fa T\u0131p Fak\u00fcltesi Psikiyatri ABD<\/strong>&#8216;da tamamlam\u0131\u015ft\u0131r. Avrupa Birli\u011fi hekimlik denklik lisans\u0131 da alm\u0131\u015ft\u0131r. Uzun s\u00fcre kamuda g\u00f6rev ald\u0131ktan sonra \u00e7al\u0131\u015fmalar\u0131n\u0131 \u00f6zelde s\u00fcrd\u00fcrmektedir.<\/p>\n\n\n\n<p>Mesleki ilgi alanlar\u0131n\u0131n ba\u015f\u0131nda <strong><em>Panik bozukluk<\/em><\/strong>, <strong><em>Uyku bozukluklar\u0131<\/em><\/strong>, &nbsp;<em><strong>Depresyon<\/strong><\/em>, &nbsp;<strong><em>Anksiyete &nbsp;(kayg\u0131) bozukluklar\u0131<\/em><\/strong>,&nbsp;<strong><em>Sosyal fobi, S\u0131nav stresi, Dikkat eksikli\u011fi &#8211; Konsantrasyon bozuklu\u011fu, \u00d6zg\u00fcven sorunlar\u0131, Aile ve \u0130li\u015fki sorunlar\u0131,  \u00c7ift Terapisi, Obsesif kompulsif bozukluk (OKB-tak\u0131nt\u0131), Somatoform bozuklukla<\/em>r, Kronik a\u011fr\u0131 bozukluklar\u0131 ( fibromiyalji), Geropsikiyatri (ya\u015fl\u0131l\u0131k hastal\u0131klar\u0131: unutkanl\u0131k &#8211; demans; huy-ki\u015filik de\u011fi\u015fiklikleri; uyku d\u00fczeni bozukluklar\u0131)<\/strong>  gelmektedir.<\/p>\n\n\n\n<p><strong>Uzm Dr Seyfi Memetali&#8217;<\/strong>nin yerli ve yabanc\u0131 t\u0131p dergilerinde yay\u0131nlanm\u0131\u015f uluslararas\u0131 bilimsel makaleleri de bulunmaktad\u0131r.<\/p>\n\n\n\n<p><strong>&nbsp; &nbsp; Kognitif davran\u0131\u015f\u00e7\u0131 psikoterapi, &nbsp;Dinamik y\u00f6nelimli psikoterapi, Aile ve \u00c7ift terapisi, BDT Hipnoz, \u015eema terapi, Mindfulness e\u011fitimleri<\/strong> de alm\u0131\u015ft\u0131r.<\/p>\n\n\n\n<p><br>T\u00fcrkiye Psikiyatri Derne\u011fi ve T\u00fcrk Tabipleri Birli\u011fi \u00fcyesidir.<\/p>\n\n\n\n<p>Sa\u011fl\u0131\u011f\u0131n\u0131z i\u00e7in profesyonel dan\u0131\u015fmanl\u0131k talep ediniz.<\/p>\n\n\n\n<p>  Psikiyatristler t\u0131p doktorlar\u0131d\u0131rlar  ve tedavi yakla\u015f\u0131mlar\u0131nda \u00f6ncelikle i\u015fe yarayacak bilimselli\u011fi kan\u0131tlanm\u0131\u015f psikoterapi metodlar\u0131n\u0131 se\u00e7erler \u00e7ok gerekli ise ila\u00e7 \u00f6nerilerinde de bulunabilirler. Ruhsal hastal\u0131klarda tan\u0131 koyma ve tedaviye y\u00f6nlendirmede en yetkili ki\u015filerdir.<\/p>\n\n\n\n<p><strong>\u0130leti\u015fim:<\/strong> <strong>+90 535 237 18 51 <\/strong><\/p>\n\n\n\n<p><strong>Randevu:<\/strong> <a href=\"https:\/\/www.doktortakvimi.com\/profil-duzenleme\/seyfi-memetali\">https:\/\/www.doktortakvimi.com\/profil-duzenleme\/seyfi-memetali<\/a><\/p>\n\n\n\n<p><strong>Mail:<\/strong> <strong>drseyfi@gmail.com<\/strong><\/p>\n\n\n\n<p><em><strong>Uzm Dr Seyfi MEMETAL\u0130<\/strong><\/em>  \/ Son G\u00fcncelleme: Nisan 2026<\/p>\n\n\n\n<p><\/p>\n","protected":false},"excerpt":{"rendered":"<p>&nbsp; Psikiyatri Uzman\u0131; &nbsp;T\u0131p doktoru; Psikoterapist &nbsp; ( Ruh Sa\u011fl\u0131\u011f\u0131 &nbsp;ve &nbsp;Hastal\u0131klar\u0131 Uzman\u0131 ) &nbsp; &nbsp;Bili\u015fsel Davran\u0131\u015f\u00e7\u0131 Psikoterapist Psikiyatrist&nbsp; Seyfi Memetali; uzmanl\u0131k e\u011fitimini&nbsp;&nbsp;&nbsp;\u0130stanbul \u00dcniversitesi Cerrahpa\u015fa T\u0131p Fak\u00fcltesi Psikiyatri ABD&#8216;da tamamlam\u0131\u015ft\u0131r. Avrupa Birli\u011fi hekimlik denklik lisans\u0131 da alm\u0131\u015ft\u0131r. Uzun s\u00fcre kamuda g\u00f6rev ald\u0131ktan sonra \u00e7al\u0131\u015fmalar\u0131n\u0131 \u00f6zelde s\u00fcrd\u00fcrmektedir. Mesleki ilgi alanlar\u0131n\u0131n ba\u015f\u0131nda Panik bozukluk, Uyku bozukluklar\u0131, &nbsp;Depresyon, &hellip; <a href=\"http:\/\/www.drsma.com\/\" class=\"more-link\"><span class=\"screen-reader-text\">Ana Sayfa<\/span> yaz\u0131s\u0131na devam et <span class=\"meta-nav\">&rarr;<\/span><\/a><\/p>\n","protected":false},"author":1,"featured_media":0,"parent":0,"menu_order":0,"comment_status":"closed","ping_status":"closed","template":"","meta":{"spay_email":""},"_links":{"self":[{"href":"http:\/\/www.drsma.com\/index.php?rest_route=\/wp\/v2\/pages\/305"}],"collection":[{"href":"http:\/\/www.drsma.com\/index.php?rest_route=\/wp\/v2\/pages"}],"about":[{"href":"http:\/\/www.drsma.com\/index.php?rest_route=\/wp\/v2\/types\/page"}],"author":[{"embeddable":true,"href":"http:\/\/www.drsma.com\/index.php?rest_route=\/wp\/v2\/users\/1"}],"replies":[{"embeddable":true,"href":"http:\/\/www.drsma.com\/index.php?rest_route=%2Fwp%2Fv2%2Fcomments&post=305"}],"version-history":[{"count":53,"href":"http:\/\/www.drsma.com\/index.php?rest_route=\/wp\/v2\/pages\/305\/revisions"}],"predecessor-version":[{"id":486,"href":"http:\/\/www.drsma.com\/index.php?rest_route=\/wp\/v2\/pages\/305\/revisions\/486"}],"wp:attachment":[{"href":"http:\/\/www.drsma.com\/index.php?rest_route=%2Fwp%2Fv2%2Fmedia&parent=305"}],"curies":[{"name":"wp","href":"https:\/\/api.w.org\/{rel}","templated":true}]}}