{"id":17,"date":"2018-10-01T01:26:24","date_gmt":"2018-09-30T22:26:24","guid":{"rendered":"http:\/\/www.drsma.com\/?page_id=17"},"modified":"2026-04-13T15:51:46","modified_gmt":"2026-04-13T12:51:46","slug":"sayfa2","status":"publish","type":"page","link":"http:\/\/www.drsma.com\/?page_id=17","title":{"rendered":"\u0130leti\u015fim"},"content":{"rendered":"\n<p><\/p>\n\n\n\n<p class=\"has-medium-font-size\">Y\u00fczy\u00fcze Psikoterapi &amp; Farmakoterapi ( ila\u00e7l\u0131 tedavi) randevu talepleriniz i\u00e7in \u0130stanbul <strong>Maltepe&#8217;de Altay\u00e7e\u015fme mah \u00c7aml\u0131 sk No:16 Dap Royal Center  D Blok  7. kat Daire: 28<\/strong>&#8216;de hizmet vermekteyiz. <\/p>\n\n\n\n<p><a href=\"https:\/\/www.doktortakvimi.com\/profil-duzenleme\/seyfi-memetali\">https:\/\/www.doktortakvimi.com\/profil-duzenleme\/seyfi-memetali<\/a><\/p>\n\n\n\n<p><strong>Randevu ileti\u015fim:  +90 535 2371851<\/strong>  <\/p>\n\n\n\n<p>                                         <\/p>\n","protected":false},"excerpt":{"rendered":"<p>Y\u00fczy\u00fcze Psikoterapi &amp; Farmakoterapi ( ila\u00e7l\u0131 tedavi) randevu talepleriniz i\u00e7in \u0130stanbul Maltepe&#8217;de Altay\u00e7e\u015fme mah \u00c7aml\u0131 sk No:16 Dap Royal Center D Blok 7. kat Daire: 28&#8216;de hizmet vermekteyiz. https:\/\/www.doktortakvimi.com\/profil-duzenleme\/seyfi-memetali Randevu ileti\u015fim: +90 535 2371851<\/p>\n","protected":false},"author":1,"featured_media":0,"parent":0,"menu_order":10,"comment_status":"open","ping_status":"open","template":"","meta":{"spay_email":""},"_links":{"self":[{"href":"http:\/\/www.drsma.com\/index.php?rest_route=\/wp\/v2\/pages\/17"}],"collection":[{"href":"http:\/\/www.drsma.com\/index.php?rest_route=\/wp\/v2\/pages"}],"about":[{"href":"http:\/\/www.drsma.com\/index.php?rest_route=\/wp\/v2\/types\/page"}],"author":[{"embeddable":true,"href":"http:\/\/www.drsma.com\/index.php?rest_route=\/wp\/v2\/users\/1"}],"replies":[{"embeddable":true,"href":"http:\/\/www.drsma.com\/index.php?rest_route=%2Fwp%2Fv2%2Fcomments&post=17"}],"version-history":[{"count":54,"href":"http:\/\/www.drsma.com\/index.php?rest_route=\/wp\/v2\/pages\/17\/revisions"}],"predecessor-version":[{"id":487,"href":"http:\/\/www.drsma.com\/index.php?rest_route=\/wp\/v2\/pages\/17\/revisions\/487"}],"wp:attachment":[{"href":"http:\/\/www.drsma.com\/index.php?rest_route=%2Fwp%2Fv2%2Fmedia&parent=17"}],"curies":[{"name":"wp","href":"https:\/\/api.w.org\/{rel}","templated":true}]}}